{"id":47,"date":"2006-07-15T17:59:28","date_gmt":"2006-07-15T15:59:28","guid":{"rendered":"http:\/\/www.patrick-wagner.net\/Wordpress\/?page_id=47"},"modified":"2024-06-15T11:16:00","modified_gmt":"2024-06-15T10:16:00","slug":"spende","status":"publish","type":"page","link":"http:\/\/www.patrick-wagner.net\/Wordpress\/?page_id=47","title":{"rendered":"Spende"},"content":{"rendered":"<p>Da der Dienst nicht vom Staat getragen wird, werden die gesamten Kosten (ca 11 000 \u20ac) von der Organisation <a href=\"http:\/\/www.wise-ev.de\/\" target=\"blank\" rel=\"noopener\">Wise e.V<\/a> \u00fcbernommen. Im Gegenzug habe ich mich bereit erkl\u00e4rt, f\u00fcr die Organisation Spenden zu sammeln.<\/p>\n<p>Wenn Sie mein Projekt gut finden und mich unterst\u00fctzen m\u00f6chten, w\u00fcrde ich mich sehr \u00fcber eine Spende freuen.<\/p>\n<p><strong>Spenden an: <\/strong><\/p>\n<p>Es werden keine Spenden mehr angenommen.<\/p>\n","protected":false},"excerpt":{"rendered":"<p>Da der Dienst nicht vom Staat getragen wird, werden die gesamten Kosten (ca 11 000 \u20ac) von der Organisation Wise e.V \u00fcbernommen. Im Gegenzug habe ich mich bereit erkl\u00e4rt, f\u00fcr die Organisation Spenden zu sammeln. Wenn Sie mein Projekt gut finden und mich unterst\u00fctzen m\u00f6chten, w\u00fcrde ich mich sehr \u00fcber eine Spende freuen. Spenden an: [&hellip;]<\/p>\n","protected":false},"author":1,"featured_media":0,"parent":0,"menu_order":6,"comment_status":"open","ping_status":"open","template":"","meta":{"footnotes":""},"_links":{"self":[{"href":"http:\/\/www.patrick-wagner.net\/Wordpress\/index.php?rest_route=\/wp\/v2\/pages\/47"}],"collection":[{"href":"http:\/\/www.patrick-wagner.net\/Wordpress\/index.php?rest_route=\/wp\/v2\/pages"}],"about":[{"href":"http:\/\/www.patrick-wagner.net\/Wordpress\/index.php?rest_route=\/wp\/v2\/types\/page"}],"author":[{"embeddable":true,"href":"http:\/\/www.patrick-wagner.net\/Wordpress\/index.php?rest_route=\/wp\/v2\/users\/1"}],"replies":[{"embeddable":true,"href":"http:\/\/www.patrick-wagner.net\/Wordpress\/index.php?rest_route=%2Fwp%2Fv2%2Fcomments&post=47"}],"version-history":[{"count":4,"href":"http:\/\/www.patrick-wagner.net\/Wordpress\/index.php?rest_route=\/wp\/v2\/pages\/47\/revisions"}],"predecessor-version":[{"id":798,"href":"http:\/\/www.patrick-wagner.net\/Wordpress\/index.php?rest_route=\/wp\/v2\/pages\/47\/revisions\/798"}],"wp:attachment":[{"href":"http:\/\/www.patrick-wagner.net\/Wordpress\/index.php?rest_route=%2Fwp%2Fv2%2Fmedia&parent=47"}],"curies":[{"name":"wp","href":"https:\/\/api.w.org\/{rel}","templated":true}]}}