{"id":487,"date":"2008-12-13T15:28:45","date_gmt":"2008-12-13T14:28:45","guid":{"rendered":"http:\/\/www.patrick-wagner.net\/Wordpress\/?page_id=487"},"modified":"2012-01-10T22:18:44","modified_gmt":"2012-01-10T21:18:44","slug":"zeitungsbericht","status":"publish","type":"page","link":"http:\/\/www.patrick-wagner.net\/Wordpress\/?page_id=487","title":{"rendered":"Zeitungsartikel \u00fcber mein FSJ"},"content":{"rendered":"<p>Am 29.08.06 ist ein Zeitungsartikel \u00fcber mein Freiwilliges Soziales Jahr in der Lokalzeitung <a title=\"Fr\u00e4nkischer Tag\" href=\"http:\/\/www.infranken.de\/\" target=\"_blank\">Fr\u00e4nkischer Tag<\/a> erschienen.<\/p>\n<p>Ich bedanke mich recht herzlich bei Isabelle Eppl\u00e9, die mich eine Stunde lang interviewt hat, sowie bei der Fotografin Barbara Herbst, welche einige Fotos von mir schoss.<\/p>\n<p><a rel=\"attachment wp-att-143\" href=\"http:\/\/www.patrick-wagner.net\/Wordpress\/?attachment_id=143\"><img loading=\"lazy\" decoding=\"async\" class=\"aligncenter size-full wp-image-143\" title=\"FT.jpg\" src=\"http:\/\/www.patrick-wagner.net\/Wordpress\/wp-content\/uploads\/2006\/08\/FT.jpg\" alt=\"FT.jpg\" width=\"500\" height=\"364\" \/><\/a><\/p>\n","protected":false},"excerpt":{"rendered":"<p>Am 29.08.06 ist ein Zeitungsartikel \u00fcber mein Freiwilliges Soziales Jahr in der Lokalzeitung Fr\u00e4nkischer Tag erschienen. Ich bedanke mich recht herzlich bei Isabelle Eppl\u00e9, die mich eine Stunde lang interviewt hat, sowie bei der Fotografin Barbara Herbst, welche einige Fotos von mir schoss.<\/p>\n","protected":false},"author":1,"featured_media":0,"parent":0,"menu_order":4,"comment_status":"open","ping_status":"open","template":"","meta":{"footnotes":""},"_links":{"self":[{"href":"http:\/\/www.patrick-wagner.net\/Wordpress\/index.php?rest_route=\/wp\/v2\/pages\/487"}],"collection":[{"href":"http:\/\/www.patrick-wagner.net\/Wordpress\/index.php?rest_route=\/wp\/v2\/pages"}],"about":[{"href":"http:\/\/www.patrick-wagner.net\/Wordpress\/index.php?rest_route=\/wp\/v2\/types\/page"}],"author":[{"embeddable":true,"href":"http:\/\/www.patrick-wagner.net\/Wordpress\/index.php?rest_route=\/wp\/v2\/users\/1"}],"replies":[{"embeddable":true,"href":"http:\/\/www.patrick-wagner.net\/Wordpress\/index.php?rest_route=%2Fwp%2Fv2%2Fcomments&post=487"}],"version-history":[{"count":11,"href":"http:\/\/www.patrick-wagner.net\/Wordpress\/index.php?rest_route=\/wp\/v2\/pages\/487\/revisions"}],"predecessor-version":[{"id":587,"href":"http:\/\/www.patrick-wagner.net\/Wordpress\/index.php?rest_route=\/wp\/v2\/pages\/487\/revisions\/587"}],"wp:attachment":[{"href":"http:\/\/www.patrick-wagner.net\/Wordpress\/index.php?rest_route=%2Fwp%2Fv2%2Fmedia&parent=487"}],"curies":[{"name":"wp","href":"https:\/\/api.w.org\/{rel}","templated":true}]}}